{"id":4998,"date":"2022-05-11T12:15:31","date_gmt":"2022-05-11T12:15:31","guid":{"rendered":"https:\/\/inter360.pro\/?page_id=4998"},"modified":"2026-02-16T10:42:26","modified_gmt":"2026-02-16T10:42:26","slug":"mention-legale","status":"publish","type":"page","link":"https:\/\/inter360.pro\/en\/mention-legale\/","title":{"rendered":"Legal notice"},"content":{"rendered":"<div data-elementor-type=\"wp-page\" data-elementor-id=\"4998\" class=\"elementor elementor-4998\" data-elementor-post-type=\"page\">\n\t\t\t\t\t\t<section class=\"elementor-section elementor-top-section elementor-element elementor-element-836f34e elementor-section-boxed elementor-section-height-default elementor-section-height-default wpr-particle-no wpr-jarallax-no wpr-parallax-no wpr-sticky-section-no wpr-equal-height-no\" data-id=\"836f34e\" data-element_type=\"section\" data-e-type=\"section\">\n\t\t\t\t\t\t<div class=\"elementor-container elementor-column-gap-default\">\n\t\t\t\t\t<div class=\"elementor-column elementor-col-100 elementor-top-column elementor-element elementor-element-59fc897\" data-id=\"59fc897\" data-element_type=\"column\" data-e-type=\"column\">\n\t\t\t<div class=\"elementor-widget-wrap elementor-element-populated\">\n\t\t\t\t\t\t<div class=\"elementor-element elementor-element-c442b3c elementor-widget elementor-widget-heading\" data-id=\"c442b3c\" data-element_type=\"widget\" data-e-type=\"widget\" data-widget_type=\"heading.default\">\n\t\t\t\t<div class=\"elementor-widget-container\">\n\t\t\t\t\t<h2 class=\"elementor-heading-title elementor-size-default\"><strong>LEGAL INFORMATION<\/strong><\/h2>\t\t\t\t<\/div>\n\t\t\t\t<\/div>\n\t\t\t\t<div class=\"elementor-element elementor-element-9dfe92d elementor-widget elementor-widget-text-editor\" data-id=\"9dfe92d\" data-element_type=\"widget\" data-e-type=\"widget\" data-widget_type=\"text-editor.default\">\n\t\t\t\t<div class=\"elementor-widget-container\">\n\t\t\t\t\t\t\t\t\t<p><strong><em>&nbsp;<\/em><\/strong><\/p>\n<p>In accordance with the provisions of law no. 2004-575 of June 21, 2004 on confidence in the digital economy, users of the inter360 website are informed of the identity of the various parties involved in its creation and follow-up.<\/p>\n<p><strong>Site editing<\/strong><\/p>\n<p>This site, accessible at URL inter360.pro (the \"Site\"), is published by :<\/p>\n<p><em><br><\/em>INTERHOLDING, soci\u00e9t\u00e9 par actions simplifi\u00e9e (SAS) au capital de 10000 euros, inscrite au R.C.S. de PARIS sous le num\u00e9ro 534 126 859 R.C.S., dont le si\u00e8ge social est situ\u00e9 au 144 BOULEVARD HAUSSMANN 75008 PARIS, repr\u00e9sent\u00e9(e) par Didier BOUTIN d\u00fbment habilit\u00e9(e)<\/p>\n<p>The publisher's individual VAT number is: FR50534126859.<\/p>\n<p><strong>Hosting<\/strong><\/p>\n<p>Le Site est h\u00e9berg\u00e9 par la soci\u00e9t\u00e9 OVH SAS, situ\u00e9 2 rue Kellermann &#8211; BP 80157 &#8211; 59053 Roubaix Cedex 1, (contact t\u00e9l\u00e9phonique : 1007).<\/p>\n<p><strong>Publishing Director <\/strong><\/p>\n<p>The Site's Publishing Director is Didier BOUTIN.<\/p>\n<p><strong>Contact us <\/strong><\/p>\n<p>By phone: +33142665728<\/p>\n<p>By email: contact@inter360.pro<\/p>\n<p>By post: 144 Boulevard Haussmann, 75008 Paris<\/p>\n<p><b>Responsabilit\u00e9<\/b><\/p>\n<p>L\u2019ensemble des informations accessibles via ce site sont fournies en l\u2019\u00e9tat et la soci\u00e9t\u00e9 INTERHOLDING se r\u00e9serve le droit de modifier \u00e0 tout moment les pr\u00e9sentes, notamment en actualisant son site.<\/p>\n<p><span style=\"font-size: 1rem;\">INTERHOLDING ne pourra \u00eatre responsable de quelque dommage que ce soit tant direct qu\u2019indirect, r\u00e9sultant d\u2019une information contenue sur ce site.<\/span><\/p>\n<p>L\u2019utilisateur reconna\u00eet avoir pris connaissance de la pr\u00e9sente notice l\u00e9gale et s\u2019engage \u00e0 la respecter. L\u2019utilisateur s\u2019engage \u00e0 ne transmettre sur ce site aucune information pouvant entra\u00eener une responsabilit\u00e9 civile ou p\u00e9nale et s\u2019engage \u00e0 ne pas divulguer via ce site des informations ill\u00e9gales, contraires \u00e0 l\u2019ordre public ou diffamatoires.<\/p>\n<p>INTERHOLDING met tout en \u0153uvre pour offrir aux utilisateurs des informations et\/ou des outils disponibles et v\u00e9rifi\u00e9s, mais ne saurait \u00eatre tenu pour responsable en cas d\u2019erreur ou d\u2019indisponibilit\u00e9 du site et\/ou de virus sur le site. Toute cr\u00e9ation de liens hypertextes vers le site INTERHOLDING est soumise \u00e0 l\u2019accord pr\u00e9alable et \u00e9crit de la soci\u00e9t\u00e9 INTERHOLDING<\/p>\n<p><b>Propri\u00e9t\u00e9 intellectuelle<\/b><\/p>\n<p>L&rsquo;ensemble des contenus disponibles sur ce site, y compris, mais sans s&rsquo;y limiter, les textes, images, noms de domaine graphiques, logos, vid\u00e9os, sons, marques, et bases de donn\u00e9es, est la propri\u00e9t\u00e9 exclusive de la soci\u00e9t\u00e9 INTERHOLDING et de ses partenaires et est prot\u00e9g\u00e9 par le droit d&rsquo;auteur, le droit des marques et autres lois applicables en mati\u00e8re de propri\u00e9t\u00e9 intellectuelle.<\/p>\n<p>Toute reproduction, repr\u00e9sentation, modification, publication, transmission ou adaptation, int\u00e9grale ou partielle, de ces \u00e9l\u00e9ments, sans l&rsquo;autorisation \u00e9crite pr\u00e9alable de la Soci\u00e9t\u00e9 INTERHOLDING, est strictement interdite, sauf exceptions pr\u00e9vues par la loi.<\/p>\n<p>La soci\u00e9t\u00e9 INTERHOLDING se r\u00e9serve le droit de modifier le contenu de la pr\u00e9sente notice l\u00e9gale \u00e0 tout moment et sans pr\u00e9avis<\/p>\n<p>Version en vigueur le <b>16\/02\/2026<\/b><\/p>\t\t\t\t\t\t\t\t<\/div>\n\t\t\t\t<\/div>\n\t\t\t\t\t<\/div>\n\t\t<\/div>\n\t\t\t\t\t<\/div>\n\t\t<\/section>\n\t\t\t\t<\/div>","protected":false},"excerpt":{"rendered":"<p>MENTIONS L\u00c9GALES &nbsp; Conform\u00e9ment aux dispositions de la loi n\u00b0 2004-575 du 21 juin 2004 pour la confiance en l&rsquo;\u00e9conomie num\u00e9rique, il est pr\u00e9cis\u00e9 aux utilisateurs du site inter360 l&rsquo;identit\u00e9 des diff\u00e9rents intervenants dans le cadre de sa r\u00e9alisation et de son suivi. Edition du site Le pr\u00e9sent site, accessible \u00e0 l\u2019URL inter360.pro (le \u00ab Site \u00bb), est \u00e9dit\u00e9 par : INTERHOLDING, soci\u00e9t\u00e9 par actions simplifi\u00e9e (SAS) au capital de 10000 euros, inscrite au R.C.S. de PARIS sous le num\u00e9ro 534 126 859 R.C.S., dont le si\u00e8ge social est situ\u00e9 au 144 BOULEVARD HAUSSMANN 75008 PARIS, repr\u00e9sent\u00e9(e) par Didier BOUTIN d\u00fbment habilit\u00e9(e) Le num\u00e9ro individuel TVA de l\u2019\u00e9diteur est : FR50534126859. H\u00e9bergement Le Site est h\u00e9berg\u00e9 par la soci\u00e9t\u00e9 OVH SAS, situ\u00e9 2 rue Kellermann &#8211; BP 80157 &#8211; 59053 Roubaix Cedex 1, (contact t\u00e9l\u00e9phonique : 1007). Directeur de publication Le Directeur de la publication du Site est Didier BOUTIN. Nous contacter Par t\u00e9l\u00e9phone&nbsp;: +33142665728 Par email&nbsp;: contact@inter360.pro Par courrier&nbsp;: 144 Boulevard Haussmann, 75008 paris Responsabilit\u00e9 L\u2019ensemble des informations accessibles via ce site sont fournies en l\u2019\u00e9tat et la soci\u00e9t\u00e9 INTERHOLDING se r\u00e9serve le droit de modifier \u00e0 tout moment les pr\u00e9sentes, notamment en actualisant son site. INTERHOLDING ne pourra \u00eatre responsable de quelque dommage que ce soit tant direct qu\u2019indirect, r\u00e9sultant d\u2019une information contenue sur ce site. L\u2019utilisateur reconna\u00eet avoir pris connaissance de la pr\u00e9sente notice l\u00e9gale et s\u2019engage \u00e0 la respecter. L\u2019utilisateur s\u2019engage \u00e0 ne transmettre sur ce site aucune information pouvant entra\u00eener une responsabilit\u00e9 civile ou p\u00e9nale et s\u2019engage \u00e0 ne pas divulguer via ce site des informations ill\u00e9gales, contraires \u00e0 l\u2019ordre public ou diffamatoires. INTERHOLDING met tout en \u0153uvre pour offrir aux utilisateurs des informations et\/ou des outils disponibles et v\u00e9rifi\u00e9s, mais ne saurait \u00eatre tenu pour responsable en cas d\u2019erreur ou d\u2019indisponibilit\u00e9 du site et\/ou de virus sur le site. Toute cr\u00e9ation de liens hypertextes vers le site INTERHOLDING est soumise \u00e0 l\u2019accord pr\u00e9alable et \u00e9crit de la soci\u00e9t\u00e9 INTERHOLDING Propri\u00e9t\u00e9 intellectuelle L&rsquo;ensemble des contenus disponibles sur ce site, y compris, mais sans s&rsquo;y limiter, les textes, images, noms de domaine graphiques, logos, vid\u00e9os, sons, marques, et bases de donn\u00e9es, est la propri\u00e9t\u00e9 exclusive de la soci\u00e9t\u00e9 INTERHOLDING et de ses partenaires et est prot\u00e9g\u00e9 par le droit d&rsquo;auteur, le droit des marques et autres lois applicables en mati\u00e8re de propri\u00e9t\u00e9 intellectuelle. Toute reproduction, repr\u00e9sentation, modification, publication, transmission ou adaptation, int\u00e9grale ou partielle, de ces \u00e9l\u00e9ments, sans l&rsquo;autorisation \u00e9crite pr\u00e9alable de la Soci\u00e9t\u00e9 INTERHOLDING, est strictement interdite, sauf exceptions pr\u00e9vues par la loi. La soci\u00e9t\u00e9 INTERHOLDING se r\u00e9serve le droit de modifier le contenu de la pr\u00e9sente notice l\u00e9gale \u00e0 tout moment et sans pr\u00e9avis Version en vigueur le 16\/02\/2026<\/p>","protected":false},"author":1,"featured_media":0,"parent":0,"menu_order":0,"comment_status":"closed","ping_status":"closed","template":"","meta":{"_acf_changed":false,"footnotes":""},"class_list":["post-4998","page","type-page","status-publish","hentry"],"acf":[],"yoast_head":"<!-- This site is optimized with the Yoast SEO plugin v24.6 - https:\/\/yoast.com\/wordpress\/plugins\/seo\/ -->\n<title>Mention l\u00e9gale - Inter360<\/title>\n<meta name=\"robots\" content=\"index, follow, max-snippet:-1, max-image-preview:large, max-video-preview:-1\" \/>\n<link rel=\"canonical\" href=\"https:\/\/inter360.pro\/en\/mention-legale\/\" \/>\n<meta property=\"og:locale\" content=\"en_US\" \/>\n<meta property=\"og:type\" content=\"article\" \/>\n<meta property=\"og:title\" content=\"Mention l\u00e9gale - Inter360\" \/>\n<meta property=\"og:description\" content=\"MENTIONS L\u00c9GALES &nbsp; Conform\u00e9ment aux dispositions de la loi n\u00b0 2004-575 du 21 juin 2004 pour la confiance en l&rsquo;\u00e9conomie num\u00e9rique, il est pr\u00e9cis\u00e9 aux utilisateurs du site inter360 l&rsquo;identit\u00e9 des diff\u00e9rents intervenants dans le cadre de sa r\u00e9alisation et de son suivi. Edition du site Le pr\u00e9sent site, accessible \u00e0 l\u2019URL inter360.pro (le \u00ab Site \u00bb), est \u00e9dit\u00e9 par : INTERHOLDING, soci\u00e9t\u00e9 par actions simplifi\u00e9e (SAS) au capital de 10000 euros, inscrite au R.C.S. de PARIS sous le num\u00e9ro 534 126 859 R.C.S., dont le si\u00e8ge social est situ\u00e9 au 144 BOULEVARD HAUSSMANN 75008 PARIS, repr\u00e9sent\u00e9(e) par Didier BOUTIN d\u00fbment habilit\u00e9(e) Le num\u00e9ro individuel TVA de l\u2019\u00e9diteur est : FR50534126859. H\u00e9bergement Le Site est h\u00e9berg\u00e9 par la soci\u00e9t\u00e9 OVH SAS, situ\u00e9 2 rue Kellermann &#8211; BP 80157 &#8211; 59053 Roubaix Cedex 1, (contact t\u00e9l\u00e9phonique : 1007). Directeur de publication Le Directeur de la publication du Site est Didier BOUTIN. Nous contacter Par t\u00e9l\u00e9phone&nbsp;: +33142665728 Par email&nbsp;: contact@inter360.pro Par courrier&nbsp;: 144 Boulevard Haussmann, 75008 paris Responsabilit\u00e9 L\u2019ensemble des informations accessibles via ce site sont fournies en l\u2019\u00e9tat et la soci\u00e9t\u00e9 INTERHOLDING se r\u00e9serve le droit de modifier \u00e0 tout moment les pr\u00e9sentes, notamment en actualisant son site. INTERHOLDING ne pourra \u00eatre responsable de quelque dommage que ce soit tant direct qu\u2019indirect, r\u00e9sultant d\u2019une information contenue sur ce site. L\u2019utilisateur reconna\u00eet avoir pris connaissance de la pr\u00e9sente notice l\u00e9gale et s\u2019engage \u00e0 la respecter. L\u2019utilisateur s\u2019engage \u00e0 ne transmettre sur ce site aucune information pouvant entra\u00eener une responsabilit\u00e9 civile ou p\u00e9nale et s\u2019engage \u00e0 ne pas divulguer via ce site des informations ill\u00e9gales, contraires \u00e0 l\u2019ordre public ou diffamatoires. INTERHOLDING met tout en \u0153uvre pour offrir aux utilisateurs des informations et\/ou des outils disponibles et v\u00e9rifi\u00e9s, mais ne saurait \u00eatre tenu pour responsable en cas d\u2019erreur ou d\u2019indisponibilit\u00e9 du site et\/ou de virus sur le site. Toute cr\u00e9ation de liens hypertextes vers le site INTERHOLDING est soumise \u00e0 l\u2019accord pr\u00e9alable et \u00e9crit de la soci\u00e9t\u00e9 INTERHOLDING Propri\u00e9t\u00e9 intellectuelle L&rsquo;ensemble des contenus disponibles sur ce site, y compris, mais sans s&rsquo;y limiter, les textes, images, noms de domaine graphiques, logos, vid\u00e9os, sons, marques, et bases de donn\u00e9es, est la propri\u00e9t\u00e9 exclusive de la soci\u00e9t\u00e9 INTERHOLDING et de ses partenaires et est prot\u00e9g\u00e9 par le droit d&rsquo;auteur, le droit des marques et autres lois applicables en mati\u00e8re de propri\u00e9t\u00e9 intellectuelle. Toute reproduction, repr\u00e9sentation, modification, publication, transmission ou adaptation, int\u00e9grale ou partielle, de ces \u00e9l\u00e9ments, sans l&rsquo;autorisation \u00e9crite pr\u00e9alable de la Soci\u00e9t\u00e9 INTERHOLDING, est strictement interdite, sauf exceptions pr\u00e9vues par la loi. La soci\u00e9t\u00e9 INTERHOLDING se r\u00e9serve le droit de modifier le contenu de la pr\u00e9sente notice l\u00e9gale \u00e0 tout moment et sans pr\u00e9avis Version en vigueur le 16\/02\/2026\" \/>\n<meta property=\"og:url\" content=\"https:\/\/inter360.pro\/en\/mention-legale\/\" \/>\n<meta property=\"og:site_name\" content=\"Inter360\" \/>\n<meta property=\"article:modified_time\" content=\"2026-02-16T10:42:26+00:00\" \/>\n<meta name=\"twitter:card\" content=\"summary_large_image\" \/>\n<meta name=\"twitter:label1\" content=\"Est. reading time\" \/>\n\t<meta name=\"twitter:data1\" content=\"3 minutes\" \/>\n<script type=\"application\/ld+json\" class=\"yoast-schema-graph\">{\"@context\":\"https:\/\/schema.org\",\"@graph\":[{\"@type\":\"WebPage\",\"@id\":\"https:\/\/inter360.pro\/mention-legale\/\",\"url\":\"https:\/\/inter360.pro\/mention-legale\/\",\"name\":\"Mention l\u00e9gale - Inter360\",\"isPartOf\":{\"@id\":\"https:\/\/inter360.pro\/#website\"},\"datePublished\":\"2022-05-11T12:15:31+00:00\",\"dateModified\":\"2026-02-16T10:42:26+00:00\",\"breadcrumb\":{\"@id\":\"https:\/\/inter360.pro\/mention-legale\/#breadcrumb\"},\"inLanguage\":\"en-US\",\"potentialAction\":[{\"@type\":\"ReadAction\",\"target\":[\"https:\/\/inter360.pro\/mention-legale\/\"]}]},{\"@type\":\"BreadcrumbList\",\"@id\":\"https:\/\/inter360.pro\/mention-legale\/#breadcrumb\",\"itemListElement\":[{\"@type\":\"ListItem\",\"position\":1,\"name\":\"Accueil\",\"item\":\"https:\/\/inter360.pro\/\"},{\"@type\":\"ListItem\",\"position\":2,\"name\":\"Mention l\u00e9gale\"}]},{\"@type\":\"WebSite\",\"@id\":\"https:\/\/inter360.pro\/#website\",\"url\":\"https:\/\/inter360.pro\/\",\"name\":\"Inter360\",\"description\":\"Un Groupe au service de l&#039;industrie. La strat\u00e9gie du Groupe repose sur sa vision 360\u00b0 des m\u00e9tiers de conseil, d\u2019inspection et de contr\u00f4le, de travaux sur cordes, de formation et de gestion de projet.\",\"publisher\":{\"@id\":\"https:\/\/inter360.pro\/#organization\"},\"potentialAction\":[{\"@type\":\"SearchAction\",\"target\":{\"@type\":\"EntryPoint\",\"urlTemplate\":\"https:\/\/inter360.pro\/?s={search_term_string}\"},\"query-input\":{\"@type\":\"PropertyValueSpecification\",\"valueRequired\":true,\"valueName\":\"search_term_string\"}}],\"inLanguage\":\"en-US\"},{\"@type\":\"Organization\",\"@id\":\"https:\/\/inter360.pro\/#organization\",\"name\":\"Inter360\",\"url\":\"https:\/\/inter360.pro\/\",\"logo\":{\"@type\":\"ImageObject\",\"inLanguage\":\"en-US\",\"@id\":\"https:\/\/inter360.pro\/#\/schema\/logo\/image\/\",\"url\":\"https:\/\/inter360.pro\/wp-content\/uploads\/2022\/03\/Logo-footer.svg\",\"contentUrl\":\"https:\/\/inter360.pro\/wp-content\/uploads\/2022\/03\/Logo-footer.svg\",\"width\":78,\"height\":39,\"caption\":\"Inter360\"},\"image\":{\"@id\":\"https:\/\/inter360.pro\/#\/schema\/logo\/image\/\"},\"sameAs\":[\"https:\/\/www.linkedin.com\/company\/30602795\/\"]}]}<\/script>\n<!-- \/ Yoast SEO plugin. -->","yoast_head_json":{"title":"Mention l\u00e9gale - Inter360","robots":{"index":"index","follow":"follow","max-snippet":"max-snippet:-1","max-image-preview":"max-image-preview:large","max-video-preview":"max-video-preview:-1"},"canonical":"https:\/\/inter360.pro\/en\/mention-legale\/","og_locale":"en_US","og_type":"article","og_title":"Mention l\u00e9gale - Inter360","og_description":"MENTIONS L\u00c9GALES &nbsp; Conform\u00e9ment aux dispositions de la loi n\u00b0 2004-575 du 21 juin 2004 pour la confiance en l&rsquo;\u00e9conomie num\u00e9rique, il est pr\u00e9cis\u00e9 aux utilisateurs du site inter360 l&rsquo;identit\u00e9 des diff\u00e9rents intervenants dans le cadre de sa r\u00e9alisation et de son suivi. Edition du site Le pr\u00e9sent site, accessible \u00e0 l\u2019URL inter360.pro (le \u00ab Site \u00bb), est \u00e9dit\u00e9 par : INTERHOLDING, soci\u00e9t\u00e9 par actions simplifi\u00e9e (SAS) au capital de 10000 euros, inscrite au R.C.S. de PARIS sous le num\u00e9ro 534 126 859 R.C.S., dont le si\u00e8ge social est situ\u00e9 au 144 BOULEVARD HAUSSMANN 75008 PARIS, repr\u00e9sent\u00e9(e) par Didier BOUTIN d\u00fbment habilit\u00e9(e) Le num\u00e9ro individuel TVA de l\u2019\u00e9diteur est : FR50534126859. H\u00e9bergement Le Site est h\u00e9berg\u00e9 par la soci\u00e9t\u00e9 OVH SAS, situ\u00e9 2 rue Kellermann &#8211; BP 80157 &#8211; 59053 Roubaix Cedex 1, (contact t\u00e9l\u00e9phonique : 1007). Directeur de publication Le Directeur de la publication du Site est Didier BOUTIN. Nous contacter Par t\u00e9l\u00e9phone&nbsp;: +33142665728 Par email&nbsp;: contact@inter360.pro Par courrier&nbsp;: 144 Boulevard Haussmann, 75008 paris Responsabilit\u00e9 L\u2019ensemble des informations accessibles via ce site sont fournies en l\u2019\u00e9tat et la soci\u00e9t\u00e9 INTERHOLDING se r\u00e9serve le droit de modifier \u00e0 tout moment les pr\u00e9sentes, notamment en actualisant son site. INTERHOLDING ne pourra \u00eatre responsable de quelque dommage que ce soit tant direct qu\u2019indirect, r\u00e9sultant d\u2019une information contenue sur ce site. L\u2019utilisateur reconna\u00eet avoir pris connaissance de la pr\u00e9sente notice l\u00e9gale et s\u2019engage \u00e0 la respecter. L\u2019utilisateur s\u2019engage \u00e0 ne transmettre sur ce site aucune information pouvant entra\u00eener une responsabilit\u00e9 civile ou p\u00e9nale et s\u2019engage \u00e0 ne pas divulguer via ce site des informations ill\u00e9gales, contraires \u00e0 l\u2019ordre public ou diffamatoires. INTERHOLDING met tout en \u0153uvre pour offrir aux utilisateurs des informations et\/ou des outils disponibles et v\u00e9rifi\u00e9s, mais ne saurait \u00eatre tenu pour responsable en cas d\u2019erreur ou d\u2019indisponibilit\u00e9 du site et\/ou de virus sur le site. Toute cr\u00e9ation de liens hypertextes vers le site INTERHOLDING est soumise \u00e0 l\u2019accord pr\u00e9alable et \u00e9crit de la soci\u00e9t\u00e9 INTERHOLDING Propri\u00e9t\u00e9 intellectuelle L&rsquo;ensemble des contenus disponibles sur ce site, y compris, mais sans s&rsquo;y limiter, les textes, images, noms de domaine graphiques, logos, vid\u00e9os, sons, marques, et bases de donn\u00e9es, est la propri\u00e9t\u00e9 exclusive de la soci\u00e9t\u00e9 INTERHOLDING et de ses partenaires et est prot\u00e9g\u00e9 par le droit d&rsquo;auteur, le droit des marques et autres lois applicables en mati\u00e8re de propri\u00e9t\u00e9 intellectuelle. Toute reproduction, repr\u00e9sentation, modification, publication, transmission ou adaptation, int\u00e9grale ou partielle, de ces \u00e9l\u00e9ments, sans l&rsquo;autorisation \u00e9crite pr\u00e9alable de la Soci\u00e9t\u00e9 INTERHOLDING, est strictement interdite, sauf exceptions pr\u00e9vues par la loi. La soci\u00e9t\u00e9 INTERHOLDING se r\u00e9serve le droit de modifier le contenu de la pr\u00e9sente notice l\u00e9gale \u00e0 tout moment et sans pr\u00e9avis Version en vigueur le 16\/02\/2026","og_url":"https:\/\/inter360.pro\/en\/mention-legale\/","og_site_name":"Inter360","article_modified_time":"2026-02-16T10:42:26+00:00","twitter_card":"summary_large_image","twitter_misc":{"Est. reading time":"3 minutes"},"schema":{"@context":"https:\/\/schema.org","@graph":[{"@type":"WebPage","@id":"https:\/\/inter360.pro\/mention-legale\/","url":"https:\/\/inter360.pro\/mention-legale\/","name":"Mention l\u00e9gale - Inter360","isPartOf":{"@id":"https:\/\/inter360.pro\/#website"},"datePublished":"2022-05-11T12:15:31+00:00","dateModified":"2026-02-16T10:42:26+00:00","breadcrumb":{"@id":"https:\/\/inter360.pro\/mention-legale\/#breadcrumb"},"inLanguage":"en-US","potentialAction":[{"@type":"ReadAction","target":["https:\/\/inter360.pro\/mention-legale\/"]}]},{"@type":"BreadcrumbList","@id":"https:\/\/inter360.pro\/mention-legale\/#breadcrumb","itemListElement":[{"@type":"ListItem","position":1,"name":"Accueil","item":"https:\/\/inter360.pro\/"},{"@type":"ListItem","position":2,"name":"Mention l\u00e9gale"}]},{"@type":"WebSite","@id":"https:\/\/inter360.pro\/#website","url":"https:\/\/inter360.pro\/","name":"Inter360","description":"Un Groupe au service de l&#039;industrie. La strat\u00e9gie du Groupe repose sur sa vision 360\u00b0 des m\u00e9tiers de conseil, d\u2019inspection et de contr\u00f4le, de travaux sur cordes, de formation et de gestion de projet.","publisher":{"@id":"https:\/\/inter360.pro\/#organization"},"potentialAction":[{"@type":"SearchAction","target":{"@type":"EntryPoint","urlTemplate":"https:\/\/inter360.pro\/?s={search_term_string}"},"query-input":{"@type":"PropertyValueSpecification","valueRequired":true,"valueName":"search_term_string"}}],"inLanguage":"en-US"},{"@type":"Organization","@id":"https:\/\/inter360.pro\/#organization","name":"Inter360","url":"https:\/\/inter360.pro\/","logo":{"@type":"ImageObject","inLanguage":"en-US","@id":"https:\/\/inter360.pro\/#\/schema\/logo\/image\/","url":"https:\/\/inter360.pro\/wp-content\/uploads\/2022\/03\/Logo-footer.svg","contentUrl":"https:\/\/inter360.pro\/wp-content\/uploads\/2022\/03\/Logo-footer.svg","width":78,"height":39,"caption":"Inter360"},"image":{"@id":"https:\/\/inter360.pro\/#\/schema\/logo\/image\/"},"sameAs":["https:\/\/www.linkedin.com\/company\/30602795\/"]}]}},"_links":{"self":[{"href":"https:\/\/inter360.pro\/en\/wp-json\/wp\/v2\/pages\/4998","targetHints":{"allow":["GET"]}}],"collection":[{"href":"https:\/\/inter360.pro\/en\/wp-json\/wp\/v2\/pages"}],"about":[{"href":"https:\/\/inter360.pro\/en\/wp-json\/wp\/v2\/types\/page"}],"author":[{"embeddable":true,"href":"https:\/\/inter360.pro\/en\/wp-json\/wp\/v2\/users\/1"}],"replies":[{"embeddable":true,"href":"https:\/\/inter360.pro\/en\/wp-json\/wp\/v2\/comments?post=4998"}],"version-history":[{"count":15,"href":"https:\/\/inter360.pro\/en\/wp-json\/wp\/v2\/pages\/4998\/revisions"}],"predecessor-version":[{"id":7318,"href":"https:\/\/inter360.pro\/en\/wp-json\/wp\/v2\/pages\/4998\/revisions\/7318"}],"wp:attachment":[{"href":"https:\/\/inter360.pro\/en\/wp-json\/wp\/v2\/media?parent=4998"}],"curies":[{"name":"wp","href":"https:\/\/api.w.org\/{rel}","templated":true}]}}